{"id":1056,"date":"2016-10-03T19:14:46","date_gmt":"2016-10-03T17:14:46","guid":{"rendered":"http:\/\/www.produkcja-filmowa.pl\/?page_id=1056"},"modified":"2025-12-08T00:34:58","modified_gmt":"2025-12-07T23:34:58","slug":"computeranimation","status":"publish","type":"page","link":"https:\/\/www.produkcja-filmowa.pl\/de\/computeranimation","title":{"rendered":"Computeranimation"},"content":{"rendered":"<h2 class=\"wp-block-heading\" id=\"animacja-komputerowa\"><strong>Computeranimation<\/strong><\/h2>\n\n\n\n<p>Die Computeranimation ist ein hervorragendes Marketinginstrument, und dank ihrer modernen Techniken auch <a href=\"https:\/\/simpleframe.pl\/film-edukacyjny\/\" target=\"_blank\" rel=\"noopener noreferrer\">eindringliches Bild<\/a>die wie nebenbei Werbeinhalte einschmuggelt. Damit lassen sich 2D- und 3D-Animationen sowie Animationsfilme erstellen.<\/p>\n\n\n\n<figure class=\"wp-block-embed is-type-video is-provider-vimeo wp-block-embed-vimeo wp-embed-aspect-16-9 wp-has-aspect-ratio\"><div class=\"wp-block-embed__wrapper\">\n<iframe loading=\"lazy\" title=\"Showreel - 3d-Animation\" src=\"https:\/\/player.vimeo.com\/video\/53487732?dnt=1&amp;app_id=122963\" width=\"1170\" height=\"658\" frameborder=\"0\" allow=\"autoplay; fullscreen; picture-in-picture; clipboard-write\"><\/iframe>\n<\/div><\/figure>\n\n\n\n<p><strong>F\u00fcr wen ist die Computeranimation gedacht?<\/strong><\/p>\n\n\n\n<p>Animationen werden austauschbar mit Spots verwendet <a href=\"http:\/\/www.produkcja-filmowa.pl\/de\/film-reklamowy\/\" target=\"_blank\" rel=\"noopener noreferrer\">Film<\/a> und in fast allen Kan\u00e4len der Kommunikation mit den Kunden eingesetzt. Sie k\u00f6nnen sein <a href=\"https:\/\/simpleframe.pl\/animacja-produktowa\/?fbclid=IwAR1FBO7kKcUTmWecC4KT0DJD3zs3Gz6-ELqux__BQGtycrUOi0Q0r7BSNzk\" target=\"_blank\" rel=\"noopener noreferrer\">Anzeigen<\/a>Medizinische und technische Animationen, die die technologischen Prozesse eines bestimmten Unternehmens veranschaulichen, k\u00f6nnen auch eine attraktive Form der Anleitung f\u00fcr ein bestimmtes Produkt sein, die dazu beitr\u00e4gt, dem Benutzer dessen Zweck zu erkl\u00e4ren. Unabh\u00e4ngig von der Funktion des Films sollte eine solche Animation jedoch vor allem effektiv und visuell ansprechend sein. <a href=\"http:\/\/gastro-wypozyczalnia.pl\/?page_id=19\" target=\"_blank\" rel=\"noopener noreferrer\">Dank dieser<\/a> wird die Aufmerksamkeit potenzieller Kunden auf sich ziehen und den Gewinn der Marke steigern.<\/p>\n\n\n\n<p><strong>Einfache Frame-Computeranimation<\/strong><\/p>\n\n\n\n<p>Das in Warschau ans\u00e4ssige Produktionsstudio Simple Frame erstellt Werbefilme und alle Arten von 2D- und 3D-Animationen f\u00fcr Kunden, deren Ziel es ist, bestimmte Marken oder Dienstleistungen zu bewerben. Auf diese Weise k\u00f6nnen sie ihre Gewinne steigern, indem sie die Animationen \u00fcber beliebige Kan\u00e4le verbreiten, z. B. \u00fcber das Fernsehen, das Internet oder soziale Medien. Wir erstellen nicht nur Animationen, sondern auch alle Arten von Filmen, Radiowerbung und <a href=\"\/de\/sponsoring-plakat-html\/\">Sponsoring-Plakate<\/a>. In jeder Phase arbeiten unsere Spezialisten mit dem Kunden zusammen, um einen attraktiven Effekt und eine wirksame Marketingaktivit\u00e4t zu erzielen. Dank unserer langj\u00e4hrigen Erfahrung k\u00f6nnen wir die Wirksamkeit jeder Kreation garantieren <a href=\"https:\/\/simpleframe.pl\/studio-dzwiekowe\/\" target=\"_blank\" rel=\"noopener noreferrer\">Produktion<\/a>.<\/p>\n\n\n\n<figure class=\"wp-block-embed is-type-video is-provider-vimeo wp-block-embed-vimeo wp-embed-aspect-16-9 wp-has-aspect-ratio\"><div class=\"wp-block-embed__wrapper\">\n<iframe loading=\"lazy\" title=\"Showreel - 2d Animation\" src=\"https:\/\/player.vimeo.com\/video\/67118237?dnt=1&amp;app_id=122963\" width=\"1170\" height=\"658\" frameborder=\"0\" allow=\"autoplay; fullscreen; picture-in-picture; clipboard-write\"><\/iframe>\n<\/div><\/figure>\n\n\n\n<figure class=\"wp-block-image size-large\"><a href=\"https:\/\/www.youtube.com\/@SimpleFrame_FA\/videos\" target=\"_blank\" rel=\" noreferrer noopener\"><img loading=\"lazy\" decoding=\"async\" width=\"1024\" height=\"396\" src=\"https:\/\/www.produkcja-filmowa.pl\/wp-content\/uploads\/2024\/04\/logo-1024x396.png\" alt=\"Computeranimation\" class=\"wp-image-3628\" srcset=\"https:\/\/www.produkcja-filmowa.pl\/wp-content\/uploads\/2024\/04\/logo-1024x396.png 1024w, https:\/\/www.produkcja-filmowa.pl\/wp-content\/uploads\/2024\/04\/logo-300x116.png 300w, https:\/\/www.produkcja-filmowa.pl\/wp-content\/uploads\/2024\/04\/logo-768x297.png 768w, https:\/\/www.produkcja-filmowa.pl\/wp-content\/uploads\/2024\/04\/logo-1536x593.png 1536w, https:\/\/www.produkcja-filmowa.pl\/wp-content\/uploads\/2024\/04\/logo-2048x791.png 2048w, https:\/\/www.produkcja-filmowa.pl\/wp-content\/uploads\/2024\/04\/logo-1000x386.png 1000w, https:\/\/www.produkcja-filmowa.pl\/wp-content\/uploads\/2024\/04\/logo-230x89.png 230w, https:\/\/www.produkcja-filmowa.pl\/wp-content\/uploads\/2024\/04\/logo-350x135.png 350w, https:\/\/www.produkcja-filmowa.pl\/wp-content\/uploads\/2024\/04\/logo-480x185.png 480w\" sizes=\"auto, (max-width: 1024px) 100vw, 1024px\" \/><\/a><\/figure>","protected":false},"excerpt":{"rendered":"<p>Animacja komputerowa Animacja komputerowa jest doskona\u0142ym narz\u0119dziem marketingowym, a dzi\u0119ki nowoczesnym jej technikom tak\u017ce efektownym obrazem, kt\u00f3ry tre\u015bci reklamowe przemyca niejako przy [&hellip;]<\/p>\n","protected":false},"author":1,"featured_media":188,"parent":0,"menu_order":0,"comment_status":"closed","ping_status":"closed","template":"","meta":{"footnotes":""},"class_list":["post-1056","page","type-page","status-publish","has-post-thumbnail","hentry"],"_links":{"self":[{"href":"https:\/\/www.produkcja-filmowa.pl\/de\/wp-json\/wp\/v2\/pages\/1056","targetHints":{"allow":["GET"]}}],"collection":[{"href":"https:\/\/www.produkcja-filmowa.pl\/de\/wp-json\/wp\/v2\/pages"}],"about":[{"href":"https:\/\/www.produkcja-filmowa.pl\/de\/wp-json\/wp\/v2\/types\/page"}],"author":[{"embeddable":true,"href":"https:\/\/www.produkcja-filmowa.pl\/de\/wp-json\/wp\/v2\/users\/1"}],"replies":[{"embeddable":true,"href":"https:\/\/www.produkcja-filmowa.pl\/de\/wp-json\/wp\/v2\/comments?post=1056"}],"version-history":[{"count":19,"href":"https:\/\/www.produkcja-filmowa.pl\/de\/wp-json\/wp\/v2\/pages\/1056\/revisions"}],"predecessor-version":[{"id":4312,"href":"https:\/\/www.produkcja-filmowa.pl\/de\/wp-json\/wp\/v2\/pages\/1056\/revisions\/4312"}],"wp:featuredmedia":[{"embeddable":true,"href":"https:\/\/www.produkcja-filmowa.pl\/de\/wp-json\/wp\/v2\/media\/188"}],"wp:attachment":[{"href":"https:\/\/www.produkcja-filmowa.pl\/de\/wp-json\/wp\/v2\/media?parent=1056"}],"curies":[{"name":"wp","href":"https:\/\/api.w.org\/{rel}","templated":true}]}}