{"id":1996,"date":"2020-04-15T20:46:22","date_gmt":"2020-04-15T18:46:22","guid":{"rendered":"http:\/\/www.produkcja-filmowa.pl\/?page_id=1996"},"modified":"2024-03-11T17:15:56","modified_gmt":"2024-03-11T16:15:56","slug":"reklama-telewizyjna","status":"publish","type":"page","link":"https:\/\/www.produkcja-filmowa.pl\/de\/reklama-telewizyjna","title":{"rendered":"Werbung im Fernsehen"},"content":{"rendered":"<h2 class=\"wp-block-heading\" id=\"reklama-telewizyjna-i-jej-moc\"><strong>Reklama Telewizyjna i Jej Moc<\/strong><\/h2>\n\n\n\n<figure class=\"wp-block-image size-full\"><img loading=\"lazy\" decoding=\"async\" width=\"960\" height=\"300\" src=\"https:\/\/www.produkcja-filmowa.pl\/wp-content\/uploads\/2024\/03\/Foto_03.jpg\" alt=\"Werbung im Fernsehen\" class=\"wp-image-3171\" srcset=\"https:\/\/www.produkcja-filmowa.pl\/wp-content\/uploads\/2024\/03\/Foto_03.jpg 960w, https:\/\/www.produkcja-filmowa.pl\/wp-content\/uploads\/2024\/03\/Foto_03-300x94.jpg 300w, https:\/\/www.produkcja-filmowa.pl\/wp-content\/uploads\/2024\/03\/Foto_03-768x240.jpg 768w, https:\/\/www.produkcja-filmowa.pl\/wp-content\/uploads\/2024\/03\/Foto_03-230x72.jpg 230w, https:\/\/www.produkcja-filmowa.pl\/wp-content\/uploads\/2024\/03\/Foto_03-350x109.jpg 350w, https:\/\/www.produkcja-filmowa.pl\/wp-content\/uploads\/2024\/03\/Foto_03-480x150.jpg 480w\" sizes=\"auto, (max-width: 960px) 100vw, 960px\" \/><\/figure>\n\n\n\n<h3 class=\"wp-block-heading\" id=\"tworzenie-niezapomnianych-reklam-telewizyjnych-z-simple-frame\"><strong>Tworzenie Niezapomnianych Reklam Telewizyjnych z <a href=\"https:\/\/simpleframe.com\/\" rel=\"noopener\">Einfacher Rahmen<\/a><\/strong><\/h3>\n\n\n\n<p>W dzisiejszym \u015bwiecie, gdzie konkurencja na rynku jest ogromna, a <a href=\"https:\/\/produkcja-filmow.com.pl\/\" rel=\"noopener\">konsument\u00f3w <\/a>bombarduje si\u0119 tysi\u0105cami reklam ka\u017cdego dnia, stworzenie wyj\u0105tkowej i zapadaj\u0105cej w pami\u0119\u0107 reklamy telewizyjnej jest kluczowe dla sukcesu ka\u017cdej marki. Simple Frame, dzi\u0119ki swojemu do\u015bwiadczeniu i <a href=\"https:\/\/www.produkcja-filmowa.pl\/de\/\">kreatywnemu <\/a>podej\u015bciu do ka\u017cdego projektu, jest Twoim idealnym partnerem w osi\u0105gni\u0119ciu tego celu.<\/p>\n\n\n\n<h3 class=\"wp-block-heading\" id=\"centrum-uwagi-w-kampaniach-marketingowych\"><strong>Centrum Uwagi w Kampaniach Marketingowych<\/strong><\/h3>\n\n\n\n<p>Reklama telewizyjna od dziesi\u0119cioleci stanowi kr\u0119gos\u0142up strategii marketingowych. Jej si\u0142a tkwi w mo\u017cliwo\u015bci dotarcia do szerokiej grupy odbiorc\u00f3w oraz <a href=\"https:\/\/marketingvideo.com.pl\/\" rel=\"noopener\">wywo\u0142aniu <\/a>silnych emocji i zapadni\u0119cia w pami\u0119\u0107 dzi\u0119ki po\u0142\u0105czeniu obrazu, d\u017awi\u0119ku i narracji. W Simple Frame rozumiemy, \u017ce reklama telewizyjna jest nie tylko o prezentowaniu produktu, ale przede wszystkim o opowiadaniu historii, kt\u00f3ra zbuduje relacj\u0119 z widzem i sk\u0142oni go do <a href=\"https:\/\/www.produkcja-filmowa.pl\/de\/gala-agencje-reklamowe-i-domy-mediowe-2016.html\/\">dzia\u0142ania<\/a>.<\/p>\n\n\n\n<figure class=\"wp-block-embed is-type-video is-provider-vimeo wp-block-embed-vimeo wp-embed-aspect-16-9 wp-has-aspect-ratio\"><div class=\"wp-block-embed__wrapper\">\n<iframe loading=\"lazy\" title=\"TUI - Jak kupi\u0107 wakacje\" src=\"https:\/\/player.vimeo.com\/video\/145557617?dnt=1&amp;app_id=122963\" width=\"1170\" height=\"658\" frameborder=\"0\" allow=\"autoplay; fullscreen; picture-in-picture; clipboard-write\"><\/iframe>\n<\/div><\/figure>\n\n\n\n<h3 class=\"wp-block-heading\" id=\"skutecznosc-poprzez-kreacje\"><strong>Skuteczno\u015b\u0107 Poprzez Kreacj\u0119<\/strong><\/h3>\n\n\n\n<p>Tworzenie reklam, kt\u00f3re zostan\u0105 zapami\u0119tane i wyr\u00f3\u017cni\u0105 si\u0119 na tle innych, wymaga nie tylko doskona\u0142ej znajomo\u015bci technologii i narz\u0119dzi, ale tak\u017ce \u2013 a mo\u017ce przede <a href=\"https:\/\/www.produkcja-filmowa.pl\/de\/rutinacea.html\/\">wszystkim <\/a>\u2013 niebanalnego pomys\u0142u i kreatywno\u015bci. W Simple Frame stawiamy na oryginalno\u015b\u0107 i \u015bwie\u017ce podej\u015bcie do ka\u017cdego projektu. Nasz zesp\u00f3\u0142 profesjonalist\u00f3w pracuje nad tym, aby ka\u017cda reklama by\u0142a dzie\u0142em sztuki, kt\u00f3re przyci\u0105ga uwag\u0119 i pozostaje w pami\u0119ci na d\u0142ugo.<\/p>\n\n\n\n<figure class=\"wp-block-image size-full\"><img loading=\"lazy\" decoding=\"async\" width=\"960\" height=\"300\" src=\"https:\/\/www.produkcja-filmowa.pl\/wp-content\/uploads\/2024\/03\/film_korporacyjny.jpg\" alt=\"\" class=\"wp-image-3166\" srcset=\"https:\/\/www.produkcja-filmowa.pl\/wp-content\/uploads\/2024\/03\/film_korporacyjny.jpg 960w, https:\/\/www.produkcja-filmowa.pl\/wp-content\/uploads\/2024\/03\/film_korporacyjny-300x94.jpg 300w, https:\/\/www.produkcja-filmowa.pl\/wp-content\/uploads\/2024\/03\/film_korporacyjny-768x240.jpg 768w, https:\/\/www.produkcja-filmowa.pl\/wp-content\/uploads\/2024\/03\/film_korporacyjny-230x72.jpg 230w, https:\/\/www.produkcja-filmowa.pl\/wp-content\/uploads\/2024\/03\/film_korporacyjny-350x109.jpg 350w, https:\/\/www.produkcja-filmowa.pl\/wp-content\/uploads\/2024\/03\/film_korporacyjny-480x150.jpg 480w\" sizes=\"auto, (max-width: 960px) 100vw, 960px\" \/><\/figure>\n\n\n\n<h2 class=\"wp-block-heading\" id=\"nasze-podejscie-do-produkcji\"><strong>Nasze podej\u015bcie do Produkcji<\/strong><\/h2>\n\n\n\n<h3 class=\"wp-block-heading\" id=\"kompleksowa-obsluga-od-a-do-z\"><strong>Kompleksowa Obs\u0142uga od A do Z<\/strong><\/h3>\n\n\n\n<p>W Simple Frame oferujemy pe\u0142en zakres us\u0142ug produkcyjnych &#8211; od koncepcji i scenariusza, przez dob\u00f3r lokacji i casting aktor\u00f3w, po realizacj\u0119 zdj\u0119\u0107 i postprodukcj\u0119. Naszym <a href=\"https:\/\/www.produkcja-filmowa.pl\/de\/nexler.html\/\">klientom <\/a>zapewniamy wsparcie na ka\u017cdym etapie produkcji, dbaj\u0105c o to, by finalny produkt by\u0142 zgodny z wizj\u0105 marki i spe\u0142nia\u0142 wszystkie oczekiwania.<\/p>\n\n\n\n<figure class=\"wp-block-embed is-type-video is-provider-vimeo wp-block-embed-vimeo wp-embed-aspect-16-9 wp-has-aspect-ratio\"><div class=\"wp-block-embed__wrapper\">\n<iframe loading=\"lazy\" title=\"Orange XBox\" src=\"https:\/\/player.vimeo.com\/video\/191935251?dnt=1&amp;app_id=122963\" width=\"1170\" height=\"658\" frameborder=\"0\" allow=\"autoplay; fullscreen; picture-in-picture; clipboard-write\"><\/iframe>\n<\/div><\/figure>\n\n\n\n<h3 class=\"wp-block-heading\" id=\"innowacyjnosc-i-kreatywnosc\"><strong>Innowacyjno\u015b\u0107 i Kreatywno\u015b\u0107<\/strong><\/h3>\n\n\n\n<p>Nasza filozofia pracy opiera si\u0119 na ci\u0105g\u0142ym poszukiwaniu nowych, kreatywnych rozwi\u0105za\u0144, kt\u00f3re pozwol\u0105 naszym reklamom wyr\u00f3\u017cni\u0107 si\u0119 na tle konkurencji. Wsp\u00f3\u0142pracujemy z najlepszymi re\u017cyserami i kreatywnymi, kt\u00f3rzy nie boj\u0105 si\u0119 wyzwa\u0144 i s\u0105 gotowi prze\u0142amywa\u0107 konwencje, by stworzy\u0107 co\u015b naprawd\u0119 wyj\u0105tkowego.<\/p>\n\n\n\n<h4 class=\"wp-block-heading\" id=\"zespol-ktory-robi-roznice\"><strong>Zesp\u00f3\u0142, kt\u00f3ry robi r\u00f3\u017cnic\u0119<\/strong><\/h4>\n\n\n\n<p>Nasz zesp\u00f3\u0142 to klucz do sukcesu ka\u017cdego projektu. To <a href=\"https:\/\/www.produkcja-filmowa.pl\/de\/72-2.html\/\">ludzie <\/a>pe\u0142ni pasji, zaanga\u017cowani w swoj\u0105 prac\u0119 i nieustannie poszukuj\u0105cy nowych inspiracji. Wierzymy, \u017ce to w\u0142a\u015bnie ludzie s\u0105 najwi\u0119kszym atutem Simple Frame i to dzi\u0119ki nim nasze produkcje staj\u0105 si\u0119 wyj\u0105tkowe.<\/p>\n\n\n\n<h4 class=\"wp-block-heading\" id=\"technologia-sluzaca-kreatywnosci\"><strong>Technologia s\u0142u\u017c\u0105ca kreatywno\u015bci<\/strong><\/h4>\n\n\n\n<p>Korzystamy z najnowszych technologii i sprz\u0119tu filmowego, co pozwala nam realizowa\u0107 nawet najbardziej z\u0142o\u017cone wizje naszych klient\u00f3w. Jednak technologia to tylko narz\u0119dzie &#8211; to, co najwa\u017cniejsze, to spos\u00f3b, w jaki je wykorzystujemy, aby s\u0142u\u017cy\u0142o kreatywno\u015bci i artystycznemu przekazowi.<\/p>\n\n\n\n<figure class=\"wp-block-embed is-type-video is-provider-vimeo wp-block-embed-vimeo wp-embed-aspect-16-9 wp-has-aspect-ratio\"><div class=\"wp-block-embed__wrapper\">\n<iframe loading=\"lazy\" title=\"Ludwik Plyn\" src=\"https:\/\/player.vimeo.com\/video\/197516102?dnt=1&amp;app_id=122963\" width=\"1170\" height=\"658\" frameborder=\"0\" allow=\"autoplay; fullscreen; picture-in-picture; clipboard-write\"><\/iframe>\n<\/div><\/figure>\n\n\n\n<h2 class=\"wp-block-heading\" id=\"dlaczego-warto-wybrac-simple-frame\"><strong>Dlaczego warto wybra\u0107 Simple Frame?<\/strong><\/h2>\n\n\n\n<p>Decyduj\u0105c si\u0119 na wsp\u00f3\u0142prac\u0119 z Simple Frame, wybierasz partnera, kt\u00f3ry zrozumie potrzeby Twojej marki i pomo\u017ce Ci opowiedzie\u0107 Twoj\u0105 histori\u0119 w spos\u00f3b, kt\u00f3ry <a href=\"https:\/\/www.produkcja-filmowa.pl\/de\/sezon-na-sphinxa.html\/\">zainteresuje<\/a>, zainspiruje i przekona do siebie widz\u00f3w. Nasze do\u015bwiadczenie, po\u0142\u0105czone z kreatywno\u015bci\u0105 i innowacyjno\u015bci\u0105, sprawia, \u017ce jeste\u015bmy w stanie tworzy\u0107 reklamy, kt\u00f3re nie tylko informuj\u0105, ale przede wszystkim emocjonuj\u0105 i zapadaj\u0105 w pami\u0119\u0107.<\/p>\n\n\n\n<p>Nie czekaj, skontaktuj si\u0119 z nami ju\u017c dzi\u015b i zobacz, co mo\u017cemy zrobi\u0107 dla Twojej marki. Razem stworzymy co\u015b wyj\u0105tkowego, co pozwoli Ci wyr\u00f3\u017cni\u0107 si\u0119 na rynku i zbudowa\u0107 siln\u0105 wi\u0119\u017a z Twoimi klientami. Zapraszamy do wsp\u00f3\u0142pracy z Simple Frame &#8211; gdzie pomys\u0142y przekszta\u0142camy w niezapomniane historie.<\/p>\n\n\n\n<div class=\"wp-block-rank-math-toc-block\" id=\"rank-math-toc\"><h2>Table of Contents<\/h2><nav><ul><li><a href=\"#reklama-telewizyjna-i-jej-moc\">Reklama Telewizyjna i Jej Moc<\/a><ul><li><a href=\"#tworzenie-niezapomnianych-reklam-telewizyjnych-z-simple-frame\">Tworzenie Niezapomnianych Reklam Telewizyjnych z Simple Frame<\/a><\/li><li><a href=\"#centrum-uwagi-w-kampaniach-marketingowych\">Centrum Uwagi w Kampaniach Marketingowych<\/a><\/li><li><a href=\"#skutecznosc-poprzez-kreacje\">Skuteczno\u015b\u0107 Poprzez Kreacj\u0119<\/a><\/li><\/ul><\/li><li><a href=\"#nasze-podejscie-do-produkcji\">Nasze podej\u015bcie do Produkcji<\/a><ul><li><a href=\"#kompleksowa-obsluga-od-a-do-z\">Kompleksowa Obs\u0142uga od A do Z<\/a><\/li><li><a href=\"#innowacyjnosc-i-kreatywnosc\">Innowacyjno\u015b\u0107 i Kreatywno\u015b\u0107<\/a><ul><li><a href=\"#zespol-ktory-robi-roznice\">Zesp\u00f3\u0142, kt\u00f3ry robi r\u00f3\u017cnic\u0119<\/a><\/li><li><a href=\"#technologia-sluzaca-kreatywnosci\">Technologia s\u0142u\u017c\u0105ca kreatywno\u015bci<\/a><\/li><\/ul><\/li><\/ul><\/li><li><a href=\"#dlaczego-warto-wybrac-simple-frame\">Dlaczego warto wybra\u0107 Simple Frame?<\/a><\/li><\/ul><\/nav><\/div>","protected":false},"excerpt":{"rendered":"<p>Reklama Telewizyjna i Jej Moc Tworzenie Niezapomnianych Reklam Telewizyjnych z Simple Frame W dzisiejszym \u015bwiecie, gdzie konkurencja na rynku jest ogromna, a [&hellip;]<\/p>\n","protected":false},"author":1,"featured_media":0,"parent":0,"menu_order":0,"comment_status":"closed","ping_status":"closed","template":"","meta":{"footnotes":""},"class_list":["post-1996","page","type-page","status-publish","hentry"],"_links":{"self":[{"href":"https:\/\/www.produkcja-filmowa.pl\/de\/wp-json\/wp\/v2\/pages\/1996","targetHints":{"allow":["GET"]}}],"collection":[{"href":"https:\/\/www.produkcja-filmowa.pl\/de\/wp-json\/wp\/v2\/pages"}],"about":[{"href":"https:\/\/www.produkcja-filmowa.pl\/de\/wp-json\/wp\/v2\/types\/page"}],"author":[{"embeddable":true,"href":"https:\/\/www.produkcja-filmowa.pl\/de\/wp-json\/wp\/v2\/users\/1"}],"replies":[{"embeddable":true,"href":"https:\/\/www.produkcja-filmowa.pl\/de\/wp-json\/wp\/v2\/comments?post=1996"}],"version-history":[{"count":9,"href":"https:\/\/www.produkcja-filmowa.pl\/de\/wp-json\/wp\/v2\/pages\/1996\/revisions"}],"predecessor-version":[{"id":3477,"href":"https:\/\/www.produkcja-filmowa.pl\/de\/wp-json\/wp\/v2\/pages\/1996\/revisions\/3477"}],"wp:attachment":[{"href":"https:\/\/www.produkcja-filmowa.pl\/de\/wp-json\/wp\/v2\/media?parent=1996"}],"curies":[{"name":"wp","href":"https:\/\/api.w.org\/{rel}","templated":true}]}}