{"id":1052,"date":"2016-10-03T19:14:15","date_gmt":"2016-10-03T17:14:15","guid":{"rendered":"http:\/\/www.produkcja-filmowa.pl\/?page_id=1052"},"modified":"2024-09-21T07:35:39","modified_gmt":"2024-09-21T05:35:39","slug":"promotional-video-2","status":"publish","type":"page","link":"https:\/\/www.produkcja-filmowa.pl\/en\/promotional-video-2","title":{"rendered":"Let's produce a commercial together"},"content":{"rendered":"<h2 class=\"wp-block-heading\" id=\"film-reklamowy\"><strong>Advertising film<\/strong><\/h2>\n\n\n\n<p>is the ideal promotional tool to promote specific brands, products or services. Advertising videos can be used in any media. This significantly increases the reach of the promotion, resulting in an increased marketing effect and sales.<\/p>\n\n\n\n<figure class=\"wp-block-embed is-type-video is-provider-vimeo wp-block-embed-vimeo wp-embed-aspect-16-9 wp-has-aspect-ratio\"><div class=\"wp-block-embed__wrapper\">\n<iframe loading=\"lazy\" title=\"TUI - Carefree holidays\" src=\"https:\/\/player.vimeo.com\/video\/145557712?dnt=1&amp;app_id=122963\" width=\"1170\" height=\"658\" frameborder=\"0\" allow=\"autoplay; fullscreen; picture-in-picture\" allowfullscreen><\/iframe>\n<\/div><\/figure>\n\n\n\n<p><b>Advertising film - benefits<\/b><\/p>\n\n\n\n<p>Companies commission the production of advertising films when a new product or service is on offer. Or when they start activities that are worth promoting for a positive company image. Films of this type familiarise customers with new activities. At the same time, they are great materials for use in social media or online advertising. Extensive marketing and advertising activities allow you to maintain a leading position. They also help to promote a new product and a positive image among potential or existing customers.<\/p>\n\n\n\n<p><b>Advertising film from Simple Frame<\/b><\/p>\n\n\n\n<figure class=\"wp-block-embed is-type-video is-provider-vimeo wp-block-embed-vimeo wp-embed-aspect-16-9 wp-has-aspect-ratio\"><div class=\"wp-block-embed__wrapper\">\n<iframe loading=\"lazy\" title=\"Dr Carrot Promotions\" src=\"https:\/\/player.vimeo.com\/video\/246065844?dnt=1&amp;app_id=122963\" width=\"1170\" height=\"658\" frameborder=\"0\" allow=\"autoplay; fullscreen; picture-in-picture\" allowfullscreen><\/iframe>\n<\/div><\/figure>\n\n\n\n<p>Simple Frame Studio is a Warsaw-based producer of advertising and promotional films, as well as films for companies and corporations. We create training and recruitment videos, as well as all kinds of film productions and <a href=\"http:\/\/www.produkcja-filmowa.pl\/en\/computer-animation\/\" target=\"_blank\" rel=\"noopener noreferrer\">animations<\/a>which allow you to achieve a marketing effect and increase sales of the services in question. We also create a variety of animated films, 2d and 3d animations, which perfectly explain the operation of products, the technological processes of a given company and complex instructions. <a href=\"http:\/\/gastro-wypozyczalnia.pl\/?page_id=19\" target=\"_blank\" rel=\"noopener noreferrer\">Thanks to this<\/a> such instructions are not difficult or tedious to read and the recipient easily assimilates the knowledge, while at the same time receiving an advertising message from the company in question. This makes it possible to achieve an excellent marketing and sales effect. Our production is the result of many years of experience in the film and advertising industry, as well as a team of animation professionals. We create advertising junkets for leaders in all industries, effectively promoting their services and brands.<\/p>\n\n\n\n<figure class=\"wp-block-embed is-type-video is-provider-vimeo wp-block-embed-vimeo wp-embed-aspect-16-9 wp-has-aspect-ratio\"><div class=\"wp-block-embed__wrapper\">\n<iframe loading=\"lazy\" title=\"Betfan_30\" src=\"https:\/\/player.vimeo.com\/video\/486301478?dnt=1&amp;app_id=122963\" width=\"1170\" height=\"658\" frameborder=\"0\" allow=\"autoplay; fullscreen; picture-in-picture\" allowfullscreen><\/iframe>\n<\/div><\/figure>\n\n\n\n<div class=\"wp-block-rank-math-toc-block\" id=\"rank-math-toc\"><nav><div><div class=\"\"><a href=\"#film-reklamowy\">Advertising film<\/a><\/div><\/div><\/nav><\/div>","protected":false},"excerpt":{"rendered":"<p>Film reklamowy to idealne narz\u0119dzie promocyjne, kt\u00f3re pozwala wypromowa\u0107 okre\u015blone marki, produkty czy us\u0142ugi. Filmy reklamowe mo\u017cna wykorzystywa\u0107 w dowolnych mediach. Dzi\u0119ki [&hellip;]<\/p>\n","protected":false},"author":1,"featured_media":166,"parent":0,"menu_order":0,"comment_status":"closed","ping_status":"closed","template":"","meta":{"footnotes":""},"class_list":["post-1052","page","type-page","status-publish","has-post-thumbnail","hentry"],"_links":{"self":[{"href":"https:\/\/www.produkcja-filmowa.pl\/en\/wp-json\/wp\/v2\/pages\/1052","targetHints":{"allow":["GET"]}}],"collection":[{"href":"https:\/\/www.produkcja-filmowa.pl\/en\/wp-json\/wp\/v2\/pages"}],"about":[{"href":"https:\/\/www.produkcja-filmowa.pl\/en\/wp-json\/wp\/v2\/types\/page"}],"author":[{"embeddable":true,"href":"https:\/\/www.produkcja-filmowa.pl\/en\/wp-json\/wp\/v2\/users\/1"}],"replies":[{"embeddable":true,"href":"https:\/\/www.produkcja-filmowa.pl\/en\/wp-json\/wp\/v2\/comments?post=1052"}],"version-history":[{"count":19,"href":"https:\/\/www.produkcja-filmowa.pl\/en\/wp-json\/wp\/v2\/pages\/1052\/revisions"}],"predecessor-version":[{"id":3688,"href":"https:\/\/www.produkcja-filmowa.pl\/en\/wp-json\/wp\/v2\/pages\/1052\/revisions\/3688"}],"wp:featuredmedia":[{"embeddable":true,"href":"https:\/\/www.produkcja-filmowa.pl\/en\/wp-json\/wp\/v2\/media\/166"}],"wp:attachment":[{"href":"https:\/\/www.produkcja-filmowa.pl\/en\/wp-json\/wp\/v2\/media?parent=1052"}],"curies":[{"name":"wp","href":"https:\/\/api.w.org\/{rel}","templated":true}]}}