{"id":1056,"date":"2016-10-03T19:14:46","date_gmt":"2016-10-03T17:14:46","guid":{"rendered":"http:\/\/www.produkcja-filmowa.pl\/?page_id=1056"},"modified":"2025-12-08T00:34:58","modified_gmt":"2025-12-07T23:34:58","slug":"computer-animation","status":"publish","type":"page","link":"https:\/\/www.produkcja-filmowa.pl\/en\/computer-animation","title":{"rendered":"Computer animation"},"content":{"rendered":"<h2 class=\"wp-block-heading\" id=\"animacja-komputerowa\"><strong>Computer animation<\/strong><\/h2>\n\n\n\n<p>Computer animation is an excellent marketing tool, and thanks to its modern techniques also <a href=\"https:\/\/simpleframe.pl\/film-edukacyjny\/\" target=\"_blank\" rel=\"noopener noreferrer\">striking image<\/a>which smuggles advertising content in as if by the way. This can produce 2d and 3d animations as well as animated films.<\/p>\n\n\n\n<figure class=\"wp-block-embed is-type-video is-provider-vimeo wp-block-embed-vimeo wp-embed-aspect-16-9 wp-has-aspect-ratio\"><div class=\"wp-block-embed__wrapper\">\n<iframe loading=\"lazy\" title=\"Showreel - 3d animation\" src=\"https:\/\/player.vimeo.com\/video\/53487732?dnt=1&amp;app_id=122963\" width=\"1170\" height=\"658\" frameborder=\"0\" allow=\"autoplay; fullscreen; picture-in-picture; clipboard-write\"><\/iframe>\n<\/div><\/figure>\n\n\n\n<p><strong>Who is computer animation for?<\/strong><\/p>\n\n\n\n<p>Animations are used interchangeably with spots <a href=\"http:\/\/www.produkcja-filmowa.pl\/en\/promotional-video-2\/\" target=\"_blank\" rel=\"noopener noreferrer\">film<\/a> and used in almost all channels of communication with customers. They can be <a href=\"https:\/\/simpleframe.pl\/animacja-produktowa\/?fbclid=IwAR1FBO7kKcUTmWecC4KT0DJD3zs3Gz6-ELqux__BQGtycrUOi0Q0r7BSNzk\" target=\"_blank\" rel=\"noopener noreferrer\">advertisements<\/a>Medical and technical animations, which illustrate a particular company's technological processes, can also be an attractive form of instruction for a particular product, which helps to explain its purpose to the user. Regardless of the function of the film, however, such animation should above all be effective and visually appealing. <a href=\"http:\/\/gastro-wypozyczalnia.pl\/?page_id=19\" target=\"_blank\" rel=\"noopener noreferrer\">Thanks to this<\/a> will attract the attention of potential customers and increase brand profits.<\/p>\n\n\n\n<p><strong>Simple Frame computer animation<\/strong><\/p>\n\n\n\n<p>Warsaw-based production studio Simple Frame creates advertising films and all kinds of 2d and 3d animations for clients whose aim is to promote specific brands or services. In this way, they can increase their profits by distributing the animation on any channels, e.g. TV, internet or social media. We create not only animations, but also all forms of films, radio commercials and <a href=\"\/en\/sponsorship-billboard-html\/\">sponsorship billboards<\/a>. At every stage, our specialists work together with the client to achieve an attractive effect and effective marketing activity. Our many years of experience enable us to guarantee the effectiveness of any creation <a href=\"https:\/\/simpleframe.pl\/studio-dzwiekowe\/\" target=\"_blank\" rel=\"noopener noreferrer\">production<\/a>.<\/p>\n\n\n\n<figure class=\"wp-block-embed is-type-video is-provider-vimeo wp-block-embed-vimeo wp-embed-aspect-16-9 wp-has-aspect-ratio\"><div class=\"wp-block-embed__wrapper\">\n<iframe loading=\"lazy\" title=\"Showreel - 2d Animation\" src=\"https:\/\/player.vimeo.com\/video\/67118237?dnt=1&amp;app_id=122963\" width=\"1170\" height=\"658\" frameborder=\"0\" allow=\"autoplay; fullscreen; picture-in-picture; clipboard-write\"><\/iframe>\n<\/div><\/figure>\n\n\n\n<figure class=\"wp-block-image size-large\"><a href=\"https:\/\/www.youtube.com\/@SimpleFrame_FA\/videos\" target=\"_blank\" rel=\" noreferrer noopener\"><img loading=\"lazy\" decoding=\"async\" width=\"1024\" height=\"396\" src=\"https:\/\/www.produkcja-filmowa.pl\/wp-content\/uploads\/2024\/04\/logo-1024x396.png\" alt=\"computer animation\" class=\"wp-image-3628\" srcset=\"https:\/\/www.produkcja-filmowa.pl\/wp-content\/uploads\/2024\/04\/logo-1024x396.png 1024w, https:\/\/www.produkcja-filmowa.pl\/wp-content\/uploads\/2024\/04\/logo-300x116.png 300w, https:\/\/www.produkcja-filmowa.pl\/wp-content\/uploads\/2024\/04\/logo-768x297.png 768w, https:\/\/www.produkcja-filmowa.pl\/wp-content\/uploads\/2024\/04\/logo-1536x593.png 1536w, https:\/\/www.produkcja-filmowa.pl\/wp-content\/uploads\/2024\/04\/logo-2048x791.png 2048w, https:\/\/www.produkcja-filmowa.pl\/wp-content\/uploads\/2024\/04\/logo-1000x386.png 1000w, https:\/\/www.produkcja-filmowa.pl\/wp-content\/uploads\/2024\/04\/logo-230x89.png 230w, https:\/\/www.produkcja-filmowa.pl\/wp-content\/uploads\/2024\/04\/logo-350x135.png 350w, https:\/\/www.produkcja-filmowa.pl\/wp-content\/uploads\/2024\/04\/logo-480x185.png 480w\" sizes=\"auto, (max-width: 1024px) 100vw, 1024px\" \/><\/a><\/figure>","protected":false},"excerpt":{"rendered":"<p>Animacja komputerowa Animacja komputerowa jest doskona\u0142ym narz\u0119dziem marketingowym, a dzi\u0119ki nowoczesnym jej technikom tak\u017ce efektownym obrazem, kt\u00f3ry tre\u015bci reklamowe przemyca niejako przy [&hellip;]<\/p>\n","protected":false},"author":1,"featured_media":188,"parent":0,"menu_order":0,"comment_status":"closed","ping_status":"closed","template":"","meta":{"footnotes":""},"class_list":["post-1056","page","type-page","status-publish","has-post-thumbnail","hentry"],"_links":{"self":[{"href":"https:\/\/www.produkcja-filmowa.pl\/en\/wp-json\/wp\/v2\/pages\/1056","targetHints":{"allow":["GET"]}}],"collection":[{"href":"https:\/\/www.produkcja-filmowa.pl\/en\/wp-json\/wp\/v2\/pages"}],"about":[{"href":"https:\/\/www.produkcja-filmowa.pl\/en\/wp-json\/wp\/v2\/types\/page"}],"author":[{"embeddable":true,"href":"https:\/\/www.produkcja-filmowa.pl\/en\/wp-json\/wp\/v2\/users\/1"}],"replies":[{"embeddable":true,"href":"https:\/\/www.produkcja-filmowa.pl\/en\/wp-json\/wp\/v2\/comments?post=1056"}],"version-history":[{"count":19,"href":"https:\/\/www.produkcja-filmowa.pl\/en\/wp-json\/wp\/v2\/pages\/1056\/revisions"}],"predecessor-version":[{"id":4312,"href":"https:\/\/www.produkcja-filmowa.pl\/en\/wp-json\/wp\/v2\/pages\/1056\/revisions\/4312"}],"wp:featuredmedia":[{"embeddable":true,"href":"https:\/\/www.produkcja-filmowa.pl\/en\/wp-json\/wp\/v2\/media\/188"}],"wp:attachment":[{"href":"https:\/\/www.produkcja-filmowa.pl\/en\/wp-json\/wp\/v2\/media?parent=1056"}],"curies":[{"name":"wp","href":"https:\/\/api.w.org\/{rel}","templated":true}]}}